{"id":1875,"date":"2019-09-01T16:14:35","date_gmt":"2019-09-01T16:14:35","guid":{"rendered":"http:\/\/localhost:81\/icm\/?page_id=1875"},"modified":"2026-04-13T11:59:38","modified_gmt":"2026-04-13T11:59:38","slug":"zambezia","status":"publish","type":"page","link":"https:\/\/icm.gov.mz\/precos-indicativos-de-referencia\/zambezia\/","title":{"rendered":"Zambezia"},"content":{"rendered":"<div id=\"footable_parent_4182\"\n         class=\" footable_parent ninja_table_wrapper loading_ninja_table wp_table_data_press_parent semantic_ui \">\n                    <h3 class=\"table_title footable_title\">Pre\u00e7os m\u00e9dios por distrito - Zamb\u00e9zia<\/h3>\n                                <div\n                class=\"table_description footable_description\"><\/div>\n                    <table data-ninja_table_instance=\"ninja_table_instance_0\" data-footable_id=\"4182\" data-filter-delay=\"1000\"            id=\"footable_4182\"\n           data-unique_identifier=\"ninja_table_unique_id_688914417_4182\"\n           class=\" foo-table ninja_footable foo_table_4182 ninja_table_unique_id_688914417_4182 ui table  ninja_search_right nt_type_ajax_table selectable celled striped vertical_centered  footable-paging-right\">\n                    <caption>Pre\u00e7os m\u00e9dios por distrito - Zamb\u00e9zia<\/caption>\n                <colgroup>\n                            <col class=\"ninja_column_0 \">\n                            <col class=\"ninja_column_1 \">\n                            <col class=\"ninja_column_2 \">\n                            <col class=\"ninja_column_3 \">\n                            <col class=\"ninja_column_4 \">\n                            <col class=\"ninja_column_5 \">\n                            <col class=\"ninja_column_6 \">\n                            <col class=\"ninja_column_7 \">\n                            <col class=\"ninja_column_8 \">\n                            <col class=\"ninja_column_9 \">\n                            <col class=\"ninja_column_10 \">\n                            <col class=\"ninja_column_11 \">\n                            <col class=\"ninja_column_12 \">\n                            <col class=\"ninja_column_13 \">\n                            <col class=\"ninja_column_14 \">\n                            <col class=\"ninja_column_15 \">\n                            <col class=\"ninja_column_16 \">\n                            <col class=\"ninja_column_17 \">\n                    <\/colgroup>\n            <\/table>\n    \n    \n    \n<\/div>\n\n","protected":false},"excerpt":{"rendered":"","protected":false},"author":1,"featured_media":5446,"parent":2319,"menu_order":0,"comment_status":"closed","ping_status":"closed","template":"","meta":{"footnotes":""},"class_list":["post-1875","page","type-page","status-publish","has-post-thumbnail","hentry"],"_links":{"self":[{"href":"https:\/\/icm.gov.mz\/wp-json\/wp\/v2\/pages\/1875","targetHints":{"allow":["GET"]}}],"collection":[{"href":"https:\/\/icm.gov.mz\/wp-json\/wp\/v2\/pages"}],"about":[{"href":"https:\/\/icm.gov.mz\/wp-json\/wp\/v2\/types\/page"}],"author":[{"embeddable":true,"href":"https:\/\/icm.gov.mz\/wp-json\/wp\/v2\/users\/1"}],"replies":[{"embeddable":true,"href":"https:\/\/icm.gov.mz\/wp-json\/wp\/v2\/comments?post=1875"}],"version-history":[{"count":16,"href":"https:\/\/icm.gov.mz\/wp-json\/wp\/v2\/pages\/1875\/revisions"}],"predecessor-version":[{"id":4183,"href":"https:\/\/icm.gov.mz\/wp-json\/wp\/v2\/pages\/1875\/revisions\/4183"}],"up":[{"embeddable":true,"href":"https:\/\/icm.gov.mz\/wp-json\/wp\/v2\/pages\/2319"}],"wp:featuredmedia":[{"embeddable":true,"href":"https:\/\/icm.gov.mz\/wp-json\/wp\/v2\/media\/5446"}],"wp:attachment":[{"href":"https:\/\/icm.gov.mz\/wp-json\/wp\/v2\/media?parent=1875"}],"curies":[{"name":"wp","href":"https:\/\/api.w.org\/{rel}","templated":true}]}}